{"id":30887,"date":"2016-09-10T15:19:32","date_gmt":"2016-09-10T15:19:32","guid":{"rendered":"https:\/\/www.vorarlberg.travel\/impressum-vorarlberg-tourismus-gmbh\/"},"modified":"2026-04-09T15:30:04","modified_gmt":"2026-04-09T13:30:04","slug":"legal-notice-vorarlberg-tourismus-gmbh","status":"publish","type":"page","link":"https:\/\/www.vorarlberg.travel\/en\/legal-notice-vorarlberg-tourismus-gmbh\/","title":{"rendered":"Imprint \/ Legal Notice"},"content":{"rendered":"","protected":false},"excerpt":{"rendered":"<p>Imprint: Official website of the Vorarlberg Tourismus GmbH \/ State Tourist Board<\/p>\n","protected":false},"author":6,"featured_media":158257,"parent":0,"menu_order":6,"comment_status":"closed","ping_status":"closed","template":"","meta":{"_acf_changed":false,"footnotes":""},"class_list":["post-30887","page","type-page","status-publish","has-post-thumbnail","hentry"],"acf":[],"yoast_head":"<!-- This site is optimized with the Yoast SEO Premium plugin v25.3.1 (Yoast SEO v25.3.1) - https:\/\/yoast.com\/wordpress\/plugins\/seo\/ -->\n<title>Imprint\/Legal Notice: Vorarlberg Tourismus GmbH, Dornbirn\/Austria<\/title>\n<meta name=\"description\" content=\"Here you&#039;ll find our Imprint \/ Legal Notice - Website www.vorarlberg.travel - the Official Tourism Portal Vorarlberg - Austria.\" \/>\n<meta name=\"robots\" content=\"index, follow, max-snippet:-1, max-image-preview:large, max-video-preview:-1\" \/>\n<link rel=\"canonical\" href=\"https:\/\/www.vorarlberg.travel\/en\/legal-notice-vorarlberg-tourismus-gmbh\/\" \/>\n<meta property=\"og:locale\" content=\"en_US\" \/>\n<meta property=\"og:type\" content=\"article\" \/>\n<meta property=\"og:title\" content=\"Imprint \/ Legal Notice\" \/>\n<meta property=\"og:description\" content=\"Here you&#039;ll find our Imprint \/ Legal Notice - Website www.vorarlberg.travel - the Official Tourism Portal Vorarlberg - Austria.\" \/>\n<meta property=\"og:url\" content=\"https:\/\/www.vorarlberg.travel\/en\/legal-notice-vorarlberg-tourismus-gmbh\/\" \/>\n<meta property=\"og:site_name\" content=\"Urlaub in Vorarlberg\" \/>\n<meta property=\"article:modified_time\" content=\"2026-04-09T13:30:04+00:00\" \/>\n<meta property=\"og:image\" content=\"http:\/\/www.vorarlberg.travel\/wp-content\/uploads\/2026\/03\/gebaeuderendering-campus-v-c-prisma-unternehmensgruppe-scaled.jpeg\" \/>\n\t<meta property=\"og:image:width\" content=\"1920\" \/>\n\t<meta property=\"og:image:height\" content=\"2560\" \/>\n\t<meta property=\"og:image:type\" content=\"image\/jpeg\" \/>\n<meta name=\"twitter:card\" content=\"summary_large_image\" \/>\n<script type=\"application\/ld+json\" class=\"yoast-schema-graph\">{\"@context\":\"https:\/\/schema.org\",\"@graph\":[{\"@type\":\"WebPage\",\"@id\":\"https:\/\/www.vorarlberg.travel\/en\/legal-notice-vorarlberg-tourismus-gmbh\/\",\"url\":\"https:\/\/www.vorarlberg.travel\/en\/legal-notice-vorarlberg-tourismus-gmbh\/\",\"name\":\"Imprint\/Legal Notice: Vorarlberg Tourismus GmbH, Dornbirn\/Austria\",\"isPartOf\":{\"@id\":\"http:\/\/www.vorarlberg.travel\/en\/#website\"},\"primaryImageOfPage\":{\"@id\":\"https:\/\/www.vorarlberg.travel\/en\/legal-notice-vorarlberg-tourismus-gmbh\/#primaryimage\"},\"image\":{\"@id\":\"https:\/\/www.vorarlberg.travel\/en\/legal-notice-vorarlberg-tourismus-gmbh\/#primaryimage\"},\"thumbnailUrl\":\"https:\/\/www.vorarlberg.travel\/wp-content\/uploads\/2026\/03\/gebaeuderendering-campus-v-c-prisma-unternehmensgruppe-scaled.jpeg\",\"datePublished\":\"2016-09-10T15:19:32+00:00\",\"dateModified\":\"2026-04-09T13:30:04+00:00\",\"description\":\"Here you'll find our Imprint \/ Legal Notice - Website www.vorarlberg.travel - the Official Tourism Portal Vorarlberg - Austria.\",\"breadcrumb\":{\"@id\":\"https:\/\/www.vorarlberg.travel\/en\/legal-notice-vorarlberg-tourismus-gmbh\/#breadcrumb\"},\"inLanguage\":\"en-US\",\"potentialAction\":[{\"@type\":\"ReadAction\",\"target\":[\"https:\/\/www.vorarlberg.travel\/en\/legal-notice-vorarlberg-tourismus-gmbh\/\"]}]},{\"@type\":\"ImageObject\",\"inLanguage\":\"en-US\",\"@id\":\"https:\/\/www.vorarlberg.travel\/en\/legal-notice-vorarlberg-tourismus-gmbh\/#primaryimage\",\"url\":\"https:\/\/www.vorarlberg.travel\/wp-content\/uploads\/2026\/03\/gebaeuderendering-campus-v-c-prisma-unternehmensgruppe-scaled.jpeg\",\"contentUrl\":\"https:\/\/www.vorarlberg.travel\/wp-content\/uploads\/2026\/03\/gebaeuderendering-campus-v-c-prisma-unternehmensgruppe-scaled.jpeg\",\"width\":1920,\"height\":2560,\"caption\":\"Geb\u00e4uderendering vom Neuen Haus am CAMPUS V I Hintere Achm\u00fchlerstra\u00dfe 1 c, 6850 Dornbirn - dem neuen Zuhause von Vorarlberg Tourismus\"},{\"@type\":\"BreadcrumbList\",\"@id\":\"https:\/\/www.vorarlberg.travel\/en\/legal-notice-vorarlberg-tourismus-gmbh\/#breadcrumb\",\"itemListElement\":[{\"@type\":\"ListItem\",\"position\":1,\"name\":\"Startseite\",\"item\":\"https:\/\/www.vorarlberg.travel\/en\/\"},{\"@type\":\"ListItem\",\"position\":2,\"name\":\"Imprint \/ Legal Notice\"}]},{\"@type\":\"WebSite\",\"@id\":\"http:\/\/www.vorarlberg.travel\/en\/#website\",\"url\":\"http:\/\/www.vorarlberg.travel\/en\/\",\"name\":\"Urlaub in Vorarlberg\",\"description\":\"Vorarlberg Tourismus\",\"potentialAction\":[{\"@type\":\"SearchAction\",\"target\":{\"@type\":\"EntryPoint\",\"urlTemplate\":\"http:\/\/www.vorarlberg.travel\/en\/?s={search_term_string}\"},\"query-input\":{\"@type\":\"PropertyValueSpecification\",\"valueRequired\":true,\"valueName\":\"search_term_string\"}}],\"inLanguage\":\"en-US\"}]}<\/script>\n<!-- \/ Yoast SEO Premium plugin. -->","yoast_head_json":{"title":"Imprint\/Legal Notice: Vorarlberg Tourismus GmbH, Dornbirn\/Austria","description":"Here you'll find our Imprint \/ Legal Notice - Website www.vorarlberg.travel - the Official Tourism Portal Vorarlberg - Austria.","robots":{"index":"index","follow":"follow","max-snippet":"max-snippet:-1","max-image-preview":"max-image-preview:large","max-video-preview":"max-video-preview:-1"},"canonical":"https:\/\/www.vorarlberg.travel\/en\/legal-notice-vorarlberg-tourismus-gmbh\/","og_locale":"en_US","og_type":"article","og_title":"Imprint \/ Legal Notice","og_description":"Here you'll find our Imprint \/ Legal Notice - Website www.vorarlberg.travel - the Official Tourism Portal Vorarlberg - Austria.","og_url":"https:\/\/www.vorarlberg.travel\/en\/legal-notice-vorarlberg-tourismus-gmbh\/","og_site_name":"Urlaub in Vorarlberg","article_modified_time":"2026-04-09T13:30:04+00:00","og_image":[{"width":1920,"height":2560,"url":"http:\/\/www.vorarlberg.travel\/wp-content\/uploads\/2026\/03\/gebaeuderendering-campus-v-c-prisma-unternehmensgruppe-scaled.jpeg","type":"image\/jpeg"}],"twitter_card":"summary_large_image","schema":{"@context":"https:\/\/schema.org","@graph":[{"@type":"WebPage","@id":"https:\/\/www.vorarlberg.travel\/en\/legal-notice-vorarlberg-tourismus-gmbh\/","url":"https:\/\/www.vorarlberg.travel\/en\/legal-notice-vorarlberg-tourismus-gmbh\/","name":"Imprint\/Legal Notice: Vorarlberg Tourismus GmbH, Dornbirn\/Austria","isPartOf":{"@id":"http:\/\/www.vorarlberg.travel\/en\/#website"},"primaryImageOfPage":{"@id":"https:\/\/www.vorarlberg.travel\/en\/legal-notice-vorarlberg-tourismus-gmbh\/#primaryimage"},"image":{"@id":"https:\/\/www.vorarlberg.travel\/en\/legal-notice-vorarlberg-tourismus-gmbh\/#primaryimage"},"thumbnailUrl":"https:\/\/www.vorarlberg.travel\/wp-content\/uploads\/2026\/03\/gebaeuderendering-campus-v-c-prisma-unternehmensgruppe-scaled.jpeg","datePublished":"2016-09-10T15:19:32+00:00","dateModified":"2026-04-09T13:30:04+00:00","description":"Here you'll find our Imprint \/ Legal Notice - Website www.vorarlberg.travel - the Official Tourism Portal Vorarlberg - Austria.","breadcrumb":{"@id":"https:\/\/www.vorarlberg.travel\/en\/legal-notice-vorarlberg-tourismus-gmbh\/#breadcrumb"},"inLanguage":"en-US","potentialAction":[{"@type":"ReadAction","target":["https:\/\/www.vorarlberg.travel\/en\/legal-notice-vorarlberg-tourismus-gmbh\/"]}]},{"@type":"ImageObject","inLanguage":"en-US","@id":"https:\/\/www.vorarlberg.travel\/en\/legal-notice-vorarlberg-tourismus-gmbh\/#primaryimage","url":"https:\/\/www.vorarlberg.travel\/wp-content\/uploads\/2026\/03\/gebaeuderendering-campus-v-c-prisma-unternehmensgruppe-scaled.jpeg","contentUrl":"https:\/\/www.vorarlberg.travel\/wp-content\/uploads\/2026\/03\/gebaeuderendering-campus-v-c-prisma-unternehmensgruppe-scaled.jpeg","width":1920,"height":2560,"caption":"Geb\u00e4uderendering vom Neuen Haus am CAMPUS V I Hintere Achm\u00fchlerstra\u00dfe 1 c, 6850 Dornbirn - dem neuen Zuhause von Vorarlberg Tourismus"},{"@type":"BreadcrumbList","@id":"https:\/\/www.vorarlberg.travel\/en\/legal-notice-vorarlberg-tourismus-gmbh\/#breadcrumb","itemListElement":[{"@type":"ListItem","position":1,"name":"Startseite","item":"https:\/\/www.vorarlberg.travel\/en\/"},{"@type":"ListItem","position":2,"name":"Imprint \/ Legal Notice"}]},{"@type":"WebSite","@id":"http:\/\/www.vorarlberg.travel\/en\/#website","url":"http:\/\/www.vorarlberg.travel\/en\/","name":"Urlaub in Vorarlberg","description":"Vorarlberg Tourismus","potentialAction":[{"@type":"SearchAction","target":{"@type":"EntryPoint","urlTemplate":"http:\/\/www.vorarlberg.travel\/en\/?s={search_term_string}"},"query-input":{"@type":"PropertyValueSpecification","valueRequired":true,"valueName":"search_term_string"}}],"inLanguage":"en-US"}]}},"publishpress_future_workflow_manual_trigger":{"enabledWorkflows":[]},"_links":{"self":[{"href":"https:\/\/www.vorarlberg.travel\/en\/wp-json\/wp\/v2\/pages\/30887","targetHints":{"allow":["GET"]}}],"collection":[{"href":"https:\/\/www.vorarlberg.travel\/en\/wp-json\/wp\/v2\/pages"}],"about":[{"href":"https:\/\/www.vorarlberg.travel\/en\/wp-json\/wp\/v2\/types\/page"}],"author":[{"embeddable":true,"href":"https:\/\/www.vorarlberg.travel\/en\/wp-json\/wp\/v2\/users\/6"}],"replies":[{"embeddable":true,"href":"https:\/\/www.vorarlberg.travel\/en\/wp-json\/wp\/v2\/comments?post=30887"}],"version-history":[{"count":8,"href":"https:\/\/www.vorarlberg.travel\/en\/wp-json\/wp\/v2\/pages\/30887\/revisions"}],"predecessor-version":[{"id":158775,"href":"https:\/\/www.vorarlberg.travel\/en\/wp-json\/wp\/v2\/pages\/30887\/revisions\/158775"}],"wp:featuredmedia":[{"embeddable":true,"href":"https:\/\/www.vorarlberg.travel\/en\/wp-json\/wp\/v2\/media\/158257"}],"wp:attachment":[{"href":"https:\/\/www.vorarlberg.travel\/en\/wp-json\/wp\/v2\/media?parent=30887"}],"curies":[{"name":"wp","href":"https:\/\/api.w.org\/{rel}","templated":true}]}}